{"id":1440,"date":"2022-11-02T01:44:40","date_gmt":"2022-11-02T01:44:40","guid":{"rendered":"http:\/\/musicactiva.net\/escolademusica\/?page_id=1440"},"modified":"2023-11-07T15:30:50","modified_gmt":"2023-11-07T15:30:50","slug":"improvisacio-a-linstrument","status":"publish","type":"page","link":"http:\/\/musicactiva.net\/escolademusica\/improvisacio-a-linstrument\/","title":{"rendered":"IMPROVISACI\u00d3 A L&#8217;INSTRUMENT"},"content":{"rendered":"\t\t<div data-elementor-type=\"wp-page\" data-elementor-id=\"1440\" class=\"elementor elementor-1440\">\n\t\t\t\t\t\t\t\t\t<section class=\"elementor-section elementor-top-section elementor-element elementor-element-67cf9bd elementor-section-boxed elementor-section-height-default elementor-section-height-default\" data-id=\"67cf9bd\" data-element_type=\"section\">\n\t\t\t\t\t\t<div class=\"elementor-container elementor-column-gap-default\">\n\t\t\t\t\t<div class=\"elementor-column elementor-col-100 elementor-top-column elementor-element elementor-element-a5848a2\" data-id=\"a5848a2\" data-element_type=\"column\">\n\t\t\t<div class=\"elementor-widget-wrap elementor-element-populated\">\n\t\t\t\t\t\t\t\t<div class=\"elementor-element elementor-element-d706276 elementor-widget elementor-widget-text-editor\" data-id=\"d706276\" data-element_type=\"widget\" data-widget_type=\"text-editor.default\">\n\t\t\t\t<div class=\"elementor-widget-container\">\n\t\t\t<style>\/*! elementor - v3.7.8 - 02-10-2022 *\/\n.elementor-widget-text-editor.elementor-drop-cap-view-stacked .elementor-drop-cap{background-color:#818a91;color:#fff}.elementor-widget-text-editor.elementor-drop-cap-view-framed .elementor-drop-cap{color:#818a91;border:3px solid;background-color:transparent}.elementor-widget-text-editor:not(.elementor-drop-cap-view-default) .elementor-drop-cap{margin-top:8px}.elementor-widget-text-editor:not(.elementor-drop-cap-view-default) .elementor-drop-cap-letter{width:1em;height:1em}.elementor-widget-text-editor .elementor-drop-cap{float:left;text-align:center;line-height:1;font-size:50px}.elementor-widget-text-editor .elementor-drop-cap-letter{display:inline-block}<\/style>\t\t\t\t<p style=\"text-align: center;\"><strong>IMPROVISACI\u00d3 a l&#8217;INSTRUMENT<\/strong><\/p>\t\t\t\t\t\t<\/div>\n\t\t\t\t<\/div>\n\t\t\t\t<div class=\"elementor-element elementor-element-e5e0088 elementor-widget elementor-widget-text-editor\" data-id=\"e5e0088\" data-element_type=\"widget\" data-widget_type=\"text-editor.default\">\n\t\t\t\t<div class=\"elementor-widget-container\">\n\t\t\t\t\t\t\t<p style=\"text-align: center;\"><em><strong>Apr\u00e8n a improvisar amb l&#8217;instrument<\/strong><\/em><\/p><p style=\"text-align: center;\"><em><strong>Apr\u00e8n a inventar fragments de m\u00fasica creats per tu mateix<\/strong><\/em><\/p><p style=\"text-align: center;\"><em><strong>Apr\u00e8n a cantar i a acompanyar-te can\u00e7ons<\/strong><\/em><\/p><p style=\"text-align: center;\"><em><strong>Apr\u00e8n a improvisar sobre els \u00abhits\u00bb de tots els estils de la m\u00fasica moderna<\/strong><\/em><\/p>\t\t\t\t\t\t<\/div>\n\t\t\t\t<\/div>\n\t\t\t\t<div class=\"elementor-element elementor-element-336217b elementor-widget elementor-widget-accordion\" data-id=\"336217b\" data-element_type=\"widget\" data-widget_type=\"accordion.default\">\n\t\t\t\t<div class=\"elementor-widget-container\">\n\t\t\t<style>\/*! elementor - v3.7.8 - 02-10-2022 *\/\n.elementor-accordion{text-align:left}.elementor-accordion .elementor-accordion-item{border:1px solid #d4d4d4}.elementor-accordion .elementor-accordion-item+.elementor-accordion-item{border-top:none}.elementor-accordion .elementor-tab-title{margin:0;padding:15px 20px;font-weight:700;line-height:1;cursor:pointer;outline:none}.elementor-accordion .elementor-tab-title .elementor-accordion-icon{display:inline-block;width:1.5em}.elementor-accordion .elementor-tab-title .elementor-accordion-icon svg{width:1em;height:1em}.elementor-accordion .elementor-tab-title .elementor-accordion-icon.elementor-accordion-icon-right{float:right;text-align:right}.elementor-accordion .elementor-tab-title .elementor-accordion-icon.elementor-accordion-icon-left{float:left;text-align:left}.elementor-accordion .elementor-tab-title .elementor-accordion-icon .elementor-accordion-icon-closed{display:block}.elementor-accordion .elementor-tab-title .elementor-accordion-icon .elementor-accordion-icon-opened,.elementor-accordion .elementor-tab-title.elementor-active .elementor-accordion-icon-closed{display:none}.elementor-accordion .elementor-tab-title.elementor-active .elementor-accordion-icon-opened{display:block}.elementor-accordion .elementor-tab-content{display:none;padding:15px 20px;border-top:1px solid #d4d4d4}@media (max-width:767px){.elementor-accordion .elementor-tab-title{padding:12px 15px}.elementor-accordion .elementor-tab-title .elementor-accordion-icon{width:1.2em}.elementor-accordion .elementor-tab-content{padding:7px 15px}}.e-container>.elementor-widget-accordion{width:var(--container-widget-width,100%)}<\/style>\t\t<div class=\"elementor-accordion\" role=\"tablist\">\n\t\t\t\t\t\t\t<div class=\"elementor-accordion-item\">\n\t\t\t\t\t<div id=\"elementor-tab-title-5381\" class=\"elementor-tab-title\" data-tab=\"1\" role=\"tab\" aria-controls=\"elementor-tab-content-5381\" aria-expanded=\"false\">\n\t\t\t\t\t\t\t\t\t\t\t\t\t<span class=\"elementor-accordion-icon elementor-accordion-icon-left\" aria-hidden=\"true\">\n\t\t\t\t\t\t\t\t\t\t\t\t\t\t\t<span class=\"elementor-accordion-icon-closed\"><i class=\"fas fa-caret-down\"><\/i><\/span>\n\t\t\t\t\t\t\t\t<span class=\"elementor-accordion-icon-opened\"><i class=\"fas fa-caret-up\"><\/i><\/span>\n\t\t\t\t\t\t\t\t\t\t\t\t\t\t<\/span>\n\t\t\t\t\t\t\t\t\t\t\t\t<a class=\"elementor-accordion-title\" href=\"\">Aprendre a \u201ctocar\u201d l\u2019instrument improvisant des de la 1a classe:<\/a>\n\t\t\t\t\t<\/div>\n\t\t\t\t\t<div id=\"elementor-tab-content-5381\" class=\"elementor-tab-content elementor-clearfix\" data-tab=\"1\" role=\"tabpanel\" aria-labelledby=\"elementor-tab-title-5381\"><p>La\u00a0 principal mat\u00e8ria a trav\u00e9s de la qual aprenem a tocar l\u2019instrument \u00e9s la improvisaci\u00f3. Gr\u00e0cies als procediments de la nostra metodologia, aprenem a tocar l\u2019instrument improvisant des de la primera classe, de manera immediata sense necessitat de cap formaci\u00f3 t\u00e8cnica ni te\u00f2rica pr\u00e8via.<\/p><\/div>\n\t\t\t\t<\/div>\n\t\t\t\t\t\t\t<div class=\"elementor-accordion-item\">\n\t\t\t\t\t<div id=\"elementor-tab-title-5382\" class=\"elementor-tab-title\" data-tab=\"2\" role=\"tab\" aria-controls=\"elementor-tab-content-5382\" aria-expanded=\"false\">\n\t\t\t\t\t\t\t\t\t\t\t\t\t<span class=\"elementor-accordion-icon elementor-accordion-icon-left\" aria-hidden=\"true\">\n\t\t\t\t\t\t\t\t\t\t\t\t\t\t\t<span class=\"elementor-accordion-icon-closed\"><i class=\"fas fa-caret-down\"><\/i><\/span>\n\t\t\t\t\t\t\t\t<span class=\"elementor-accordion-icon-opened\"><i class=\"fas fa-caret-up\"><\/i><\/span>\n\t\t\t\t\t\t\t\t\t\t\t\t\t\t<\/span>\n\t\t\t\t\t\t\t\t\t\t\t\t<a class=\"elementor-accordion-title\" href=\"\">Exercicis d\u2019improvisaci\u00f3 i repertori de m\u00fasica moderna:<\/a>\n\t\t\t\t\t<\/div>\n\t\t\t\t\t<div id=\"elementor-tab-content-5382\" class=\"elementor-tab-content elementor-clearfix\" data-tab=\"2\" role=\"tabpanel\" aria-labelledby=\"elementor-tab-title-5382\"><p>La improvisaci\u00f3 es treballa mitjan\u00e7ant els exercicis d\u2019improvisaci\u00f3 i mitjan\u00e7ant l\u2019aplicaci\u00f3 del que hem apr\u00e8s amb els exercicis a la improvisaci\u00f3 sobre repertori de m\u00fasica moderna.<\/p><\/div>\n\t\t\t\t<\/div>\n\t\t\t\t\t\t\t<div class=\"elementor-accordion-item\">\n\t\t\t\t\t<div id=\"elementor-tab-title-5383\" class=\"elementor-tab-title\" data-tab=\"3\" role=\"tab\" aria-controls=\"elementor-tab-content-5383\" aria-expanded=\"false\">\n\t\t\t\t\t\t\t\t\t\t\t\t\t<span class=\"elementor-accordion-icon elementor-accordion-icon-left\" aria-hidden=\"true\">\n\t\t\t\t\t\t\t\t\t\t\t\t\t\t\t<span class=\"elementor-accordion-icon-closed\"><i class=\"fas fa-caret-down\"><\/i><\/span>\n\t\t\t\t\t\t\t\t<span class=\"elementor-accordion-icon-opened\"><i class=\"fas fa-caret-up\"><\/i><\/span>\n\t\t\t\t\t\t\t\t\t\t\t\t\t\t<\/span>\n\t\t\t\t\t\t\t\t\t\t\t\t<a class=\"elementor-accordion-title\" href=\"\">Repertori d\u2019improvisaci\u00f3: can\u00e7ons pop, blues i standards de jazz:<\/a>\n\t\t\t\t\t<\/div>\n\t\t\t\t\t<div id=\"elementor-tab-content-5383\" class=\"elementor-tab-content elementor-clearfix\" data-tab=\"3\" role=\"tabpanel\" aria-labelledby=\"elementor-tab-title-5383\"><p>El repertori d\u2019improvisaci\u00f3 est\u00e0 format per una selecci\u00f3 de les can\u00e7ons pop m\u00e9s significatives de totes les \u00e8poques i connecta amb la interpretaci\u00f3 i la improvisaci\u00f3 sobre blues i standards de jazz. Els nivells d\u2019improvisaci\u00f3 es treballen en forma d\u2019exercici i posteriorment s\u2019apliquen sobre les estructures harm\u00f2niques i r\u00edtmiques de les can\u00e7ons. El repertori d\u2019improvisaci\u00f3 inclou aprendre a cantar can\u00e7ons acompanyant-se amb el piano i la guitarra, i a fer-ho independentment que l\u2019alumne\/a tingui cap mena de formaci\u00f3 vocal, i ni tan sols tingui una especial facilitat o predisposici\u00f3 per cantar.<\/p><\/div>\n\t\t\t\t<\/div>\n\t\t\t\t\t\t\t<div class=\"elementor-accordion-item\">\n\t\t\t\t\t<div id=\"elementor-tab-title-5384\" class=\"elementor-tab-title\" data-tab=\"4\" role=\"tab\" aria-controls=\"elementor-tab-content-5384\" aria-expanded=\"false\">\n\t\t\t\t\t\t\t\t\t\t\t\t\t<span class=\"elementor-accordion-icon elementor-accordion-icon-left\" aria-hidden=\"true\">\n\t\t\t\t\t\t\t\t\t\t\t\t\t\t\t<span class=\"elementor-accordion-icon-closed\"><i class=\"fas fa-caret-down\"><\/i><\/span>\n\t\t\t\t\t\t\t\t<span class=\"elementor-accordion-icon-opened\"><i class=\"fas fa-caret-up\"><\/i><\/span>\n\t\t\t\t\t\t\t\t\t\t\t\t\t\t<\/span>\n\t\t\t\t\t\t\t\t\t\t\t\t<a class=\"elementor-accordion-title\" href=\"\">A partir de quin nivell el treballem?<\/a>\n\t\t\t\t\t<\/div>\n\t\t\t\t\t<div id=\"elementor-tab-content-5384\" class=\"elementor-tab-content elementor-clearfix\" data-tab=\"4\" role=\"tabpanel\" aria-labelledby=\"elementor-tab-title-5384\"><p>Comencem a treballar el repertori d\u2019improvisaci\u00f3 a partir del nivell 5 del programa d\u2019instrument.<\/p><\/div>\n\t\t\t\t<\/div>\n\t\t\t\t\t\t\t<div class=\"elementor-accordion-item\">\n\t\t\t\t\t<div id=\"elementor-tab-title-5385\" class=\"elementor-tab-title\" data-tab=\"5\" role=\"tab\" aria-controls=\"elementor-tab-content-5385\" aria-expanded=\"false\">\n\t\t\t\t\t\t\t\t\t\t\t\t\t<span class=\"elementor-accordion-icon elementor-accordion-icon-left\" aria-hidden=\"true\">\n\t\t\t\t\t\t\t\t\t\t\t\t\t\t\t<span class=\"elementor-accordion-icon-closed\"><i class=\"fas fa-caret-down\"><\/i><\/span>\n\t\t\t\t\t\t\t\t<span class=\"elementor-accordion-icon-opened\"><i class=\"fas fa-caret-up\"><\/i><\/span>\n\t\t\t\t\t\t\t\t\t\t\t\t\t\t<\/span>\n\t\t\t\t\t\t\t\t\t\t\t\t<a class=\"elementor-accordion-title\" href=\"\">Tutorials MusicActiva:<\/a>\n\t\t\t\t\t<\/div>\n\t\t\t\t\t<div id=\"elementor-tab-content-5385\" class=\"elementor-tab-content elementor-clearfix\" data-tab=\"5\" role=\"tabpanel\" aria-labelledby=\"elementor-tab-title-5385\"><p>El repertori d\u2019improvisaci\u00f3 es treballa mitjan\u00e7ant la utilitzaci\u00f3 dels TUTORIALS MUSICACTIVA.\u00a0<\/p><\/div>\n\t\t\t\t<\/div>\n\t\t\t\t\t\t\t<div class=\"elementor-accordion-item\">\n\t\t\t\t\t<div id=\"elementor-tab-title-5386\" class=\"elementor-tab-title\" data-tab=\"6\" role=\"tab\" aria-controls=\"elementor-tab-content-5386\" aria-expanded=\"false\">\n\t\t\t\t\t\t\t\t\t\t\t\t\t<span class=\"elementor-accordion-icon elementor-accordion-icon-left\" aria-hidden=\"true\">\n\t\t\t\t\t\t\t\t\t\t\t\t\t\t\t<span class=\"elementor-accordion-icon-closed\"><i class=\"fas fa-caret-down\"><\/i><\/span>\n\t\t\t\t\t\t\t\t<span class=\"elementor-accordion-icon-opened\"><i class=\"fas fa-caret-up\"><\/i><\/span>\n\t\t\t\t\t\t\t\t\t\t\t\t\t\t<\/span>\n\t\t\t\t\t\t\t\t\t\t\t\t<a class=\"elementor-accordion-title\" href=\"\">Connexi\u00f3 dels continguts d\u2019improvisaci\u00f3 amb els de la resta de mat\u00e8ries:<\/a>\n\t\t\t\t\t<\/div>\n\t\t\t\t\t<div id=\"elementor-tab-content-5386\" class=\"elementor-tab-content elementor-clearfix\" data-tab=\"6\" role=\"tabpanel\" aria-labelledby=\"elementor-tab-title-5386\"><p>Els continguts formatius de la mat\u00e8ria improvisaci\u00f3 estan totalment connectats amb la resta de mat\u00e8ries d\u2019instrument de la seg\u00fcent manera:\u00a0<\/p><ul><li><strong>relaci\u00f3 amb t\u00e8cnica instrumental: <\/strong>la mat\u00e8ria d\u2019improvisaci\u00f3 va directament connectada a la mat\u00e8ria de t\u00e8cnica. El model d&#8217;improvisaci\u00f3 s\u2019aplica directament al material sonor que aprenem a articular a la mat\u00e8ria t\u00e8cnica instrumental. D\u2019aquesta manera aconseguim fer m\u00fasica amb sentit art\u00edstic amb cada un dels recursos t\u00e8cnics apresos a t\u00e8cnica instrumental i evitem que la t\u00e8cnica es converteixi en una preparaci\u00f3 merament \u201cformal\u201d i \u00fanicament mec\u00e0nica;<\/li><li><strong>relaci\u00f3 amb la mat\u00e8ria improvisaci\u00f3 de llenguatge musical: <\/strong>els nivells d\u2019improvisaci\u00f3 a l\u2019instrument estan tots relacionats amb els continguts d&#8217;improvisaci\u00f3 de les mat\u00e8ries ritme, m\u00e8trica i melodia de llenguatge musical;<\/li><li><strong>relaci\u00f3 amb la mat\u00e8ria de lectura a vista a l\u2019instrument: <\/strong>els nivells de lectura a vista a l\u2019instrument es treballen sobre nivells d\u2019improvisaci\u00f3 a l\u2019instrument que estan resolts i tamb\u00e9 sobre nivells resolts a les mat\u00e8ries de llenguatge musical;<\/li><li><strong>relaci\u00f3 de la mat\u00e8ria improvisaci\u00f3 amb la mat\u00e8ria composici\u00f3:<\/strong> la interpretaci\u00f3 de repertori instrumental es realitza sobre nivells d\u2019improvisaci\u00f3 que han d\u2019estar suficientment resolts. La relaci\u00f3 entre improvisaci\u00f3 i composici\u00f3 \u00e9s equivalent a la que establir\u00edem entre la utilitzaci\u00f3 del llenguatge verbal a nivell oral -nivell col.loquial del llenguatge- i\u00a0 la utilitzaci\u00f3 del llenguatge a nivell literari. El model d\u2019improvisaci\u00f3 forma part del model d\u2019interpretaci\u00f3 que ens permet aprendre a interpretar el repertori construint a nivell oral.\u00a0<\/li><\/ul><\/div>\n\t\t\t\t<\/div>\n\t\t\t\t\t\t\t<div class=\"elementor-accordion-item\">\n\t\t\t\t\t<div id=\"elementor-tab-title-5387\" class=\"elementor-tab-title\" data-tab=\"7\" role=\"tab\" aria-controls=\"elementor-tab-content-5387\" aria-expanded=\"false\">\n\t\t\t\t\t\t\t\t\t\t\t\t\t<span class=\"elementor-accordion-icon elementor-accordion-icon-left\" aria-hidden=\"true\">\n\t\t\t\t\t\t\t\t\t\t\t\t\t\t\t<span class=\"elementor-accordion-icon-closed\"><i class=\"fas fa-caret-down\"><\/i><\/span>\n\t\t\t\t\t\t\t\t<span class=\"elementor-accordion-icon-opened\"><i class=\"fas fa-caret-up\"><\/i><\/span>\n\t\t\t\t\t\t\t\t\t\t\t\t\t\t<\/span>\n\t\t\t\t\t\t\t\t\t\t\t\t<a class=\"elementor-accordion-title\" href=\"\">Formaci\u00f3 instrumental completa gr\u00e0cies a la complementaritat entre \"improvisaci\u00f3\" i \"interpretaci\u00f3\":<\/a>\n\t\t\t\t\t<\/div>\n\t\t\t\t\t<div id=\"elementor-tab-content-5387\" class=\"elementor-tab-content elementor-clearfix\" data-tab=\"7\" role=\"tabpanel\" aria-labelledby=\"elementor-tab-title-5387\"><p>\u00a0La formaci\u00f3 que assoleix l\u2019alumne\/a a la mat\u00e8ria improvisaci\u00f3 \u00e9s el complement ideal de la que assoleix a la mat\u00e8ria interpretaci\u00f3. El nivell que assoleix l\u2019alumne\/a quan sap improvisar sobre el repertori de m\u00fasica moderna i al mateix temps sap interpretar repertori cl\u00e0ssic \u00e9s totalment diferent del que tindria si nom\u00e9s sapigu\u00e9s fer una de les dues coses.<\/p><\/div>\n\t\t\t\t<\/div>\n\t\t\t\t\t\t\t\t<\/div>\n\t\t\t\t<\/div>\n\t\t\t\t<\/div>\n\t\t\t\t\t<\/div>\n\t\t<\/div>\n\t\t\t\t\t\t\t<\/div>\n\t\t<\/section>\n\t\t\t\t\t\t\t<\/div>\n\t\t","protected":false},"excerpt":{"rendered":"<p>IMPROVISACI\u00d3 a l&#8217;INSTRUMENT Apr\u00e8n a improvisar amb l&#8217;instrument Apr\u00e8n a inventar fragments de m\u00fasica creats per tu mateix Apr\u00e8n a cantar i a acompanyar-te can\u00e7ons Apr\u00e8n a improvisar sobre els \u00abhits\u00bb de tots els estils de la m\u00fasica moderna Aprendre a \u201ctocar\u201d l\u2019instrument improvisant des de la 1a classe: La\u00a0 principal mat\u00e8ria a trav\u00e9s de&hellip;<\/p>\n","protected":false},"author":1,"featured_media":0,"parent":0,"menu_order":0,"comment_status":"closed","ping_status":"closed","template":"","meta":{"footnotes":""},"class_list":["post-1440","page","type-page","status-publish","hentry"],"_links":{"self":[{"href":"http:\/\/musicactiva.net\/escolademusica\/wp-json\/wp\/v2\/pages\/1440","targetHints":{"allow":["GET"]}}],"collection":[{"href":"http:\/\/musicactiva.net\/escolademusica\/wp-json\/wp\/v2\/pages"}],"about":[{"href":"http:\/\/musicactiva.net\/escolademusica\/wp-json\/wp\/v2\/types\/page"}],"author":[{"embeddable":true,"href":"http:\/\/musicactiva.net\/escolademusica\/wp-json\/wp\/v2\/users\/1"}],"replies":[{"embeddable":true,"href":"http:\/\/musicactiva.net\/escolademusica\/wp-json\/wp\/v2\/comments?post=1440"}],"version-history":[{"count":49,"href":"http:\/\/musicactiva.net\/escolademusica\/wp-json\/wp\/v2\/pages\/1440\/revisions"}],"predecessor-version":[{"id":5030,"href":"http:\/\/musicactiva.net\/escolademusica\/wp-json\/wp\/v2\/pages\/1440\/revisions\/5030"}],"wp:attachment":[{"href":"http:\/\/musicactiva.net\/escolademusica\/wp-json\/wp\/v2\/media?parent=1440"}],"curies":[{"name":"wp","href":"https:\/\/api.w.org\/{rel}","templated":true}]}}