{"id":1444,"date":"2022-11-02T01:45:39","date_gmt":"2022-11-02T01:45:39","guid":{"rendered":"http:\/\/musicactiva.net\/escolademusica\/?page_id=1444"},"modified":"2023-11-07T15:39:37","modified_gmt":"2023-11-07T15:39:37","slug":"interpretacio-de-repertori","status":"publish","type":"page","link":"http:\/\/musicactiva.net\/escolademusica\/interpretacio-de-repertori\/","title":{"rendered":"INTERPRETACI\u00d3 de REPERTORI"},"content":{"rendered":"\t\t<div data-elementor-type=\"wp-page\" data-elementor-id=\"1444\" class=\"elementor elementor-1444\">\n\t\t\t\t\t\t\t\t\t<section class=\"elementor-section elementor-top-section elementor-element elementor-element-e024779 elementor-section-boxed elementor-section-height-default elementor-section-height-default\" data-id=\"e024779\" data-element_type=\"section\">\n\t\t\t\t\t\t<div class=\"elementor-container elementor-column-gap-default\">\n\t\t\t\t\t<div class=\"elementor-column elementor-col-100 elementor-top-column elementor-element elementor-element-014d4b6\" data-id=\"014d4b6\" data-element_type=\"column\">\n\t\t\t<div class=\"elementor-widget-wrap elementor-element-populated\">\n\t\t\t\t\t\t\t\t<div class=\"elementor-element elementor-element-43074b0 elementor-widget elementor-widget-text-editor\" data-id=\"43074b0\" data-element_type=\"widget\" data-widget_type=\"text-editor.default\">\n\t\t\t\t<div class=\"elementor-widget-container\">\n\t\t\t<style>\/*! elementor - v3.7.8 - 02-10-2022 *\/\n.elementor-widget-text-editor.elementor-drop-cap-view-stacked .elementor-drop-cap{background-color:#818a91;color:#fff}.elementor-widget-text-editor.elementor-drop-cap-view-framed .elementor-drop-cap{color:#818a91;border:3px solid;background-color:transparent}.elementor-widget-text-editor:not(.elementor-drop-cap-view-default) .elementor-drop-cap{margin-top:8px}.elementor-widget-text-editor:not(.elementor-drop-cap-view-default) .elementor-drop-cap-letter{width:1em;height:1em}.elementor-widget-text-editor .elementor-drop-cap{float:left;text-align:center;line-height:1;font-size:50px}.elementor-widget-text-editor .elementor-drop-cap-letter{display:inline-block}<\/style>\t\t\t\t<p><strong>INTERPRETACI\u00d3 <\/strong><\/p>\n<p><strong>DE REPERTORI <\/strong><\/p>\n<p><strong>INSTRUMENTAL<\/strong><\/p>\t\t\t\t\t\t<\/div>\n\t\t\t\t<\/div>\n\t\t\t\t<div class=\"elementor-element elementor-element-2d1be30 elementor-widget elementor-widget-text-editor\" data-id=\"2d1be30\" data-element_type=\"widget\" data-widget_type=\"text-editor.default\">\n\t\t\t\t<div class=\"elementor-widget-container\">\n\t\t\t\t\t\t\t<p style=\"text-align: center;\"><em><b>Apr\u00e8n a interpretar peces de TOTS els estils musicals, cl\u00e0ssics i moderns.\u00a0<\/b><\/em><\/p>\n<p style=\"text-align: center;\"><em><b>Apr\u00e8n a construir la teva pr\u00f2pia versi\u00f3 de les peces.\u00a0<\/b><\/em><\/p>\n<p style=\"text-align: center;\"><em><b>Apr\u00e8n a pujar a un escenari i interpretar el teu repertori en situaci\u00f3 de concert i davant de p\u00fablic&#8230;!!!!! <\/b><\/em><\/p>\n<p style=\"text-align: center;\"><em><b>TOT L&#8217;ALUMNAT DE L&#8217;ESCOLA HO ACONSEGUEIX&#8230; !!! <\/b><\/em><\/p>\n<p style=\"text-align: center;\"><em><b>VINE A DESCOBRIR QUE ETS UN ARTISTA&#8230;!!!<\/b><\/em><\/p>\t\t\t\t\t\t<\/div>\n\t\t\t\t<\/div>\n\t\t\t\t<div class=\"elementor-element elementor-element-8b9a335 elementor-widget elementor-widget-accordion\" data-id=\"8b9a335\" data-element_type=\"widget\" data-widget_type=\"accordion.default\">\n\t\t\t\t<div class=\"elementor-widget-container\">\n\t\t\t<style>\/*! elementor - v3.7.8 - 02-10-2022 *\/\n.elementor-accordion{text-align:left}.elementor-accordion .elementor-accordion-item{border:1px solid #d4d4d4}.elementor-accordion .elementor-accordion-item+.elementor-accordion-item{border-top:none}.elementor-accordion .elementor-tab-title{margin:0;padding:15px 20px;font-weight:700;line-height:1;cursor:pointer;outline:none}.elementor-accordion .elementor-tab-title .elementor-accordion-icon{display:inline-block;width:1.5em}.elementor-accordion .elementor-tab-title .elementor-accordion-icon svg{width:1em;height:1em}.elementor-accordion .elementor-tab-title .elementor-accordion-icon.elementor-accordion-icon-right{float:right;text-align:right}.elementor-accordion .elementor-tab-title .elementor-accordion-icon.elementor-accordion-icon-left{float:left;text-align:left}.elementor-accordion .elementor-tab-title .elementor-accordion-icon .elementor-accordion-icon-closed{display:block}.elementor-accordion .elementor-tab-title .elementor-accordion-icon .elementor-accordion-icon-opened,.elementor-accordion .elementor-tab-title.elementor-active .elementor-accordion-icon-closed{display:none}.elementor-accordion .elementor-tab-title.elementor-active .elementor-accordion-icon-opened{display:block}.elementor-accordion .elementor-tab-content{display:none;padding:15px 20px;border-top:1px solid #d4d4d4}@media (max-width:767px){.elementor-accordion .elementor-tab-title{padding:12px 15px}.elementor-accordion .elementor-tab-title .elementor-accordion-icon{width:1.2em}.elementor-accordion .elementor-tab-content{padding:7px 15px}}.e-container>.elementor-widget-accordion{width:var(--container-widget-width,100%)}<\/style>\t\t<div class=\"elementor-accordion\" role=\"tablist\">\n\t\t\t\t\t\t\t<div class=\"elementor-accordion-item\">\n\t\t\t\t\t<div id=\"elementor-tab-title-1461\" class=\"elementor-tab-title\" data-tab=\"1\" role=\"tab\" aria-controls=\"elementor-tab-content-1461\" aria-expanded=\"false\">\n\t\t\t\t\t\t\t\t\t\t\t\t\t<span class=\"elementor-accordion-icon elementor-accordion-icon-left\" aria-hidden=\"true\">\n\t\t\t\t\t\t\t\t\t\t\t\t\t\t\t<span class=\"elementor-accordion-icon-closed\"><i class=\"fas fa-caret-down\"><\/i><\/span>\n\t\t\t\t\t\t\t\t<span class=\"elementor-accordion-icon-opened\"><i class=\"fas fa-caret-up\"><\/i><\/span>\n\t\t\t\t\t\t\t\t\t\t\t\t\t\t<\/span>\n\t\t\t\t\t\t\t\t\t\t\t\t<a class=\"elementor-accordion-title\" href=\"\">Contingut de la mat\u00e8ria:<\/a>\n\t\t\t\t\t<\/div>\n\t\t\t\t\t<div id=\"elementor-tab-content-1461\" class=\"elementor-tab-content elementor-clearfix\" data-tab=\"1\" role=\"tabpanel\" aria-labelledby=\"elementor-tab-title-1461\"><p>A la mat\u00e8ria INTERPRETACI\u00d3 de REPERTORI INSTRUMENTAL aprenem a fer m\u00fasica amb l\u2019instrument mitjan\u00e7ant la interpretaci\u00f3 de les peces que componen el nostre repertori instrumental.\u00a0<\/p><\/div>\n\t\t\t\t<\/div>\n\t\t\t\t\t\t\t<div class=\"elementor-accordion-item\">\n\t\t\t\t\t<div id=\"elementor-tab-title-1462\" class=\"elementor-tab-title\" data-tab=\"2\" role=\"tab\" aria-controls=\"elementor-tab-content-1462\" aria-expanded=\"false\">\n\t\t\t\t\t\t\t\t\t\t\t\t\t<span class=\"elementor-accordion-icon elementor-accordion-icon-left\" aria-hidden=\"true\">\n\t\t\t\t\t\t\t\t\t\t\t\t\t\t\t<span class=\"elementor-accordion-icon-closed\"><i class=\"fas fa-caret-down\"><\/i><\/span>\n\t\t\t\t\t\t\t\t<span class=\"elementor-accordion-icon-opened\"><i class=\"fas fa-caret-up\"><\/i><\/span>\n\t\t\t\t\t\t\t\t\t\t\t\t\t\t<\/span>\n\t\t\t\t\t\t\t\t\t\t\t\t<a class=\"elementor-accordion-title\" href=\"\">Els repertoris d\u2019instrument:<\/a>\n\t\t\t\t\t<\/div>\n\t\t\t\t\t<div id=\"elementor-tab-content-1462\" class=\"elementor-tab-content elementor-clearfix\" data-tab=\"2\" role=\"tabpanel\" aria-labelledby=\"elementor-tab-title-1462\"><p>Els repertoris d\u2019instrument estan compostos per una selecci\u00f3 de les peces m\u00e9s significatives dels grans mestres de la hist\u00f2ria de la m\u00fasica. Inclou tamb\u00e9 les peces m\u00e9s significatives dels repertori que s&#8217;apr\u00e8n als conservatoris i a les escoles de m\u00fasica cl\u00e0ssica.\u00a0<\/p><\/div>\n\t\t\t\t<\/div>\n\t\t\t\t\t\t\t<div class=\"elementor-accordion-item\">\n\t\t\t\t\t<div id=\"elementor-tab-title-1463\" class=\"elementor-tab-title\" data-tab=\"3\" role=\"tab\" aria-controls=\"elementor-tab-content-1463\" aria-expanded=\"false\">\n\t\t\t\t\t\t\t\t\t\t\t\t\t<span class=\"elementor-accordion-icon elementor-accordion-icon-left\" aria-hidden=\"true\">\n\t\t\t\t\t\t\t\t\t\t\t\t\t\t\t<span class=\"elementor-accordion-icon-closed\"><i class=\"fas fa-caret-down\"><\/i><\/span>\n\t\t\t\t\t\t\t\t<span class=\"elementor-accordion-icon-opened\"><i class=\"fas fa-caret-up\"><\/i><\/span>\n\t\t\t\t\t\t\t\t\t\t\t\t\t\t<\/span>\n\t\t\t\t\t\t\t\t\t\t\t\t<a class=\"elementor-accordion-title\" href=\"\">Com aprenem les peces? Guions d\u2019Estudi i Guions de Manteniment:\u00a0<\/a>\n\t\t\t\t\t<\/div>\n\t\t\t\t\t<div id=\"elementor-tab-content-1463\" class=\"elementor-tab-content elementor-clearfix\" data-tab=\"3\" role=\"tabpanel\" aria-labelledby=\"elementor-tab-title-1463\"><ul>\n<li><strong>Aprendre les peces amb els \u201cGuions d\u2019Estudi\u201d: <\/strong>les peces s\u2019aprenen mitjan\u00e7ant la realitzaci\u00f3 dels exercicis del Guions d\u2019Estudi de cada pe\u00e7a. Els Guions d\u2019Estudi permeten que l\u2019alumnat reconstrueixi la \u201cforma sonora\u201d de la pe\u00e7a i li doni el \u201csentit personalitzat\u201d indispensable per aconseguir fer m\u00fasica amb \u201ccontingut art\u00edstic\u201d mitjan\u00e7ant la seva interpretaci\u00f3. Els exercicis dels Guions d\u2019Estudi estan constru\u00efts mitjan\u00e7ant l\u2019aplicaci\u00f3 del \u201cmodel d\u2019interpretaci\u00f3\u201d del M\u00e8tode Creatiu que permet aprendre les peces treballant a nivell oral i sense haver de dependre de la lectura.&nbsp;<\/li>\n<li><strong>Fer cr\u00e9ixer les peces mitjan\u00e7ant els \u201cGuions de Manteniment\u201d: <\/strong>quan ja hem apr\u00e8s a tocar la pe\u00e7a, seguim treballant-la mitjan\u00e7ant la realitzaci\u00f3 dels exercicis dels Guions de Manteniment. L\u2019objectiu dels Guions de Manteniment&nbsp; \u00e9s posar la pe\u00e7a en \u201csituaci\u00f3 de creixement\u201d. Posar la pe\u00e7a en \u201csituaci\u00f3 de creixement\u201d vol dir tocar la pe\u00e7a d\u2019una manera que permet que l\u2019alumne\/a faci m\u00fasica cada vegada amb m\u00e9s \u201ccontingut art\u00edstic\u201d mitjan\u00e7ant la seva execuci\u00f3. Els exercicis dels Guions d\u2019Estudi estan constru\u00efts mitjan\u00e7ant l\u2019aplicaci\u00f3 del \u201cmodel d\u2019interpretaci\u00f3\u201d del M\u00e8tode Creatiu que permet reconstruir la forma sonora de la pe\u00e7a i renovar i evolucionar el seu \u201csentit\u201d cada vegada que la treballem.&nbsp;<\/li>\n<\/ul><\/div>\n\t\t\t\t<\/div>\n\t\t\t\t\t\t\t<div class=\"elementor-accordion-item\">\n\t\t\t\t\t<div id=\"elementor-tab-title-1464\" class=\"elementor-tab-title\" data-tab=\"4\" role=\"tab\" aria-controls=\"elementor-tab-content-1464\" aria-expanded=\"false\">\n\t\t\t\t\t\t\t\t\t\t\t\t\t<span class=\"elementor-accordion-icon elementor-accordion-icon-left\" aria-hidden=\"true\">\n\t\t\t\t\t\t\t\t\t\t\t\t\t\t\t<span class=\"elementor-accordion-icon-closed\"><i class=\"fas fa-caret-down\"><\/i><\/span>\n\t\t\t\t\t\t\t\t<span class=\"elementor-accordion-icon-opened\"><i class=\"fas fa-caret-up\"><\/i><\/span>\n\t\t\t\t\t\t\t\t\t\t\t\t\t\t<\/span>\n\t\t\t\t\t\t\t\t\t\t\t\t<a class=\"elementor-accordion-title\" href=\"\">Objectiu formatiu: construcci\u00f3 de la versi\u00f3 personal de la pe\u00e7a:<\/a>\n\t\t\t\t\t<\/div>\n\t\t\t\t\t<div id=\"elementor-tab-content-1464\" class=\"elementor-tab-content elementor-clearfix\" data-tab=\"4\" role=\"tabpanel\" aria-labelledby=\"elementor-tab-title-1464\"><p>Quan l\u2019alumne\/a aconsegueix posar les peces del seu repertori en situaci\u00f3 de creixement, inicia el proc\u00e9s pel qual construeix la seva pr\u00f2pia versi\u00f3 de la pe\u00e7a interpretada.\u00a0<\/p><\/div>\n\t\t\t\t<\/div>\n\t\t\t\t\t\t\t<div class=\"elementor-accordion-item\">\n\t\t\t\t\t<div id=\"elementor-tab-title-1465\" class=\"elementor-tab-title\" data-tab=\"5\" role=\"tab\" aria-controls=\"elementor-tab-content-1465\" aria-expanded=\"false\">\n\t\t\t\t\t\t\t\t\t\t\t\t\t<span class=\"elementor-accordion-icon elementor-accordion-icon-left\" aria-hidden=\"true\">\n\t\t\t\t\t\t\t\t\t\t\t\t\t\t\t<span class=\"elementor-accordion-icon-closed\"><i class=\"fas fa-caret-down\"><\/i><\/span>\n\t\t\t\t\t\t\t\t<span class=\"elementor-accordion-icon-opened\"><i class=\"fas fa-caret-up\"><\/i><\/span>\n\t\t\t\t\t\t\t\t\t\t\t\t\t\t<\/span>\n\t\t\t\t\t\t\t\t\t\t\t\t<a class=\"elementor-accordion-title\" href=\"\">Objectiu formatiu: construcci\u00f3 del repertori personal de l\u2019alumne:<\/a>\n\t\t\t\t\t<\/div>\n\t\t\t\t\t<div id=\"elementor-tab-content-1465\" class=\"elementor-tab-content elementor-clearfix\" data-tab=\"5\" role=\"tabpanel\" aria-labelledby=\"elementor-tab-title-1465\"><p>\u00a0L&#8217;objectiu del proc\u00e9s \u00e9s que l&#8217;alumnat construeixi un repertori d\u2019instrument compost d\u2019un m\u00ednim de 3 a 6 peces, i que les tingui preparades en tot moment per poder tocar-les de mem\u00f2ria, davant de p\u00fablic i en situaci\u00f3 de concert, sense necessitat d&#8217;estudi ni preparaci\u00f3 pr\u00e8via.<\/p><\/div>\n\t\t\t\t<\/div>\n\t\t\t\t\t\t\t<div class=\"elementor-accordion-item\">\n\t\t\t\t\t<div id=\"elementor-tab-title-1466\" class=\"elementor-tab-title\" data-tab=\"6\" role=\"tab\" aria-controls=\"elementor-tab-content-1466\" aria-expanded=\"false\">\n\t\t\t\t\t\t\t\t\t\t\t\t\t<span class=\"elementor-accordion-icon elementor-accordion-icon-left\" aria-hidden=\"true\">\n\t\t\t\t\t\t\t\t\t\t\t\t\t\t\t<span class=\"elementor-accordion-icon-closed\"><i class=\"fas fa-caret-down\"><\/i><\/span>\n\t\t\t\t\t\t\t\t<span class=\"elementor-accordion-icon-opened\"><i class=\"fas fa-caret-up\"><\/i><\/span>\n\t\t\t\t\t\t\t\t\t\t\t\t\t\t<\/span>\n\t\t\t\t\t\t\t\t\t\t\t\t<a class=\"elementor-accordion-title\" href=\"\">Efectivitat formativa, dedicaci\u00f3 assequible i qualitat art\u00edstica:<\/a>\n\t\t\t\t\t<\/div>\n\t\t\t\t\t<div id=\"elementor-tab-content-1466\" class=\"elementor-tab-content elementor-clearfix\" data-tab=\"6\" role=\"tabpanel\" aria-labelledby=\"elementor-tab-title-1466\"><p>L&#8217;estudi de les peces del repertori mitjan\u00e7ant la utilitzaci\u00f3 dels Guions d\u2019Estudi i de Manteniment facilita i agilitza molt\u00edssim l\u2019estudi del repertori, i permet que l&#8217;alumnat pugui construir i tenir disponible el seu repertori amb una dedicaci\u00f3 molt inferior a la que demana l\u2019estudi del repertori mitjan\u00e7ant la utilitzaci\u00f3 de procediments \u201cinterpretatius\u201d tradicionals que es segueixen utilitzant a conservatoris i escoles de m\u00fasica cl\u00e0ssica. L\u2019estudi del repertori mitjan\u00e7ant aquests procediments ens garanteix que TOTS els alumnes i TOTES les alumnes podran aprendre a fer m\u00fasica amb \u201ccontingut art\u00edstic\u201d mitjan\u00e7ant la interpretaci\u00f3 de repertori instrumental.\u00a0<\/p><\/div>\n\t\t\t\t<\/div>\n\t\t\t\t\t\t\t<div class=\"elementor-accordion-item\">\n\t\t\t\t\t<div id=\"elementor-tab-title-1467\" class=\"elementor-tab-title\" data-tab=\"7\" role=\"tab\" aria-controls=\"elementor-tab-content-1467\" aria-expanded=\"false\">\n\t\t\t\t\t\t\t\t\t\t\t\t\t<span class=\"elementor-accordion-icon elementor-accordion-icon-left\" aria-hidden=\"true\">\n\t\t\t\t\t\t\t\t\t\t\t\t\t\t\t<span class=\"elementor-accordion-icon-closed\"><i class=\"fas fa-caret-down\"><\/i><\/span>\n\t\t\t\t\t\t\t\t<span class=\"elementor-accordion-icon-opened\"><i class=\"fas fa-caret-up\"><\/i><\/span>\n\t\t\t\t\t\t\t\t\t\t\t\t\t\t<\/span>\n\t\t\t\t\t\t\t\t\t\t\t\t<a class=\"elementor-accordion-title\" href=\"\">Relaci\u00f3 amb la mat\u00e8ria lectura a vista:<\/a>\n\t\t\t\t\t<\/div>\n\t\t\t\t\t<div id=\"elementor-tab-content-1467\" class=\"elementor-tab-content elementor-clearfix\" data-tab=\"7\" role=\"tabpanel\" aria-labelledby=\"elementor-tab-title-1467\"><p>Segons tot el que hem explicat, les peces s\u2019aprenen a tocar de mem\u00f2ria sense estar supeditades a la lectura de la partitura. La lectura a vista a l\u2019instrument es treballa de manera independent a la interpretaci\u00f3.\u00a0<\/p>\n<p><!-- \/wp:list --><!-- wp:paragraph --><\/p>\n<p>\u00a0<\/p><\/div>\n\t\t\t\t<\/div>\n\t\t\t\t\t\t\t<div class=\"elementor-accordion-item\">\n\t\t\t\t\t<div id=\"elementor-tab-title-1468\" class=\"elementor-tab-title\" data-tab=\"8\" role=\"tab\" aria-controls=\"elementor-tab-content-1468\" aria-expanded=\"false\">\n\t\t\t\t\t\t\t\t\t\t\t\t\t<span class=\"elementor-accordion-icon elementor-accordion-icon-left\" aria-hidden=\"true\">\n\t\t\t\t\t\t\t\t\t\t\t\t\t\t\t<span class=\"elementor-accordion-icon-closed\"><i class=\"fas fa-caret-down\"><\/i><\/span>\n\t\t\t\t\t\t\t\t<span class=\"elementor-accordion-icon-opened\"><i class=\"fas fa-caret-up\"><\/i><\/span>\n\t\t\t\t\t\t\t\t\t\t\t\t\t\t<\/span>\n\t\t\t\t\t\t\t\t\t\t\t\t<a class=\"elementor-accordion-title\" href=\"\">Equival\u00e8ncies de nivell amb els programes oficials:<\/a>\n\t\t\t\t\t<\/div>\n\t\t\t\t\t<div id=\"elementor-tab-content-1468\" class=\"elementor-tab-content elementor-clearfix\" data-tab=\"8\" role=\"tabpanel\" aria-labelledby=\"elementor-tab-title-1468\"><p>\u00a0Les peces del nivell 8 de Programa MusicActiva s\u00f3n d\u2019un nivell equivalent al Grau Elemental del programa oficial de m\u00fasica. I les peces del nivell XII s\u00f3n d\u2019un nivell equivalent al Grau Professional de la carrera de m\u00fasica actualment.\u00a0 La gran majoria de peces del repertori d&#8217;interpretaci\u00f3 de MusicActiva formen part dels repertoris dels programes oficials dels conservatoris.\u00a0<\/p>\n<p><!-- \/wp:list --><!-- wp:paragraph --><\/p>\n<p>\u00a0<\/p><\/div>\n\t\t\t\t<\/div>\n\t\t\t\t\t\t\t\t<\/div>\n\t\t\t\t<\/div>\n\t\t\t\t<\/div>\n\t\t\t\t\t<\/div>\n\t\t<\/div>\n\t\t\t\t\t\t\t<\/div>\n\t\t<\/section>\n\t\t\t\t\t\t\t<\/div>\n\t\t","protected":false},"excerpt":{"rendered":"<p>INTERPRETACI\u00d3 DE REPERTORI INSTRUMENTAL Apr\u00e8n a interpretar peces de TOTS els estils musicals, cl\u00e0ssics i moderns.\u00a0 Apr\u00e8n a construir la teva pr\u00f2pia versi\u00f3 de les peces.\u00a0 Apr\u00e8n a pujar a un escenari i interpretar el teu repertori en situaci\u00f3 de concert i davant de p\u00fablic&#8230;!!!!! TOT L&#8217;ALUMNAT DE L&#8217;ESCOLA HO ACONSEGUEIX&#8230; !!! VINE A DESCOBRIR&hellip;<\/p>\n","protected":false},"author":1,"featured_media":0,"parent":0,"menu_order":0,"comment_status":"closed","ping_status":"closed","template":"","meta":{"footnotes":""},"class_list":["post-1444","page","type-page","status-publish","hentry"],"_links":{"self":[{"href":"http:\/\/musicactiva.net\/escolademusica\/wp-json\/wp\/v2\/pages\/1444","targetHints":{"allow":["GET"]}}],"collection":[{"href":"http:\/\/musicactiva.net\/escolademusica\/wp-json\/wp\/v2\/pages"}],"about":[{"href":"http:\/\/musicactiva.net\/escolademusica\/wp-json\/wp\/v2\/types\/page"}],"author":[{"embeddable":true,"href":"http:\/\/musicactiva.net\/escolademusica\/wp-json\/wp\/v2\/users\/1"}],"replies":[{"embeddable":true,"href":"http:\/\/musicactiva.net\/escolademusica\/wp-json\/wp\/v2\/comments?post=1444"}],"version-history":[{"count":50,"href":"http:\/\/musicactiva.net\/escolademusica\/wp-json\/wp\/v2\/pages\/1444\/revisions"}],"predecessor-version":[{"id":5038,"href":"http:\/\/musicactiva.net\/escolademusica\/wp-json\/wp\/v2\/pages\/1444\/revisions\/5038"}],"wp:attachment":[{"href":"http:\/\/musicactiva.net\/escolademusica\/wp-json\/wp\/v2\/media?parent=1444"}],"curies":[{"name":"wp","href":"https:\/\/api.w.org\/{rel}","templated":true}]}}