{"id":1733,"date":"2025-03-17T19:19:28","date_gmt":"2025-03-17T19:19:28","guid":{"rendered":"https:\/\/musicactiva.net\/casal\/?page_id=1733"},"modified":"2026-04-18T16:46:25","modified_gmt":"2026-04-18T16:46:25","slug":"reunions-informatives-lluna-blanca","status":"publish","type":"page","link":"https:\/\/musicactiva.net\/casal\/reunions-informatives-lluna-blanca\/","title":{"rendered":"REUNIONS INFORMATIVES"},"content":{"rendered":"\n<h1 class=\"wp-block-heading has-text-align-center has-large-font-size\">REUNIONS INFORMATIVES<\/h1>\n\n\n\n<ul class=\"wp-block-list\">\n<li class=\"has-medium-font-size\" style=\"letter-spacing:2px\">REUNI\u00d3 INFORMATIVA PRESENCIAL a l&#8217;escola RIUS i TAULET -Pla\u00e7a Lesseps, 19- DIMARTS 14 d&#8217;abril a les 16:45 <\/li>\n\n\n\n<li class=\"has-medium-font-size\" style=\"letter-spacing:2px\">REUNI\u00d3 INFORMATIVA ONLINE DIMECRES 15 d&#8217;abril a les 20:45 h<\/li>\n\n\n\n<li class=\"has-medium-font-size\" style=\"letter-spacing:2px\">REUNI\u00d3 INFORMATIVA ONLINE DIMECRES 29 d&#8217;abril a les 20:45 h<\/li>\n<\/ul>\n\n\n\n<p class=\"has-medium-font-size\" id=\"block-b54f7208-2d7e-4d48-9295-bfaf4568834a\"><strong>Ompliu el formulari de sol\u00b7licitud d\u2019assist\u00e8ncia a les reunions informatives<\/strong><\/p>\n\n\n\n<p id=\"block-3925b199-6b53-417d-8c4f-a00d1d3a13d5\" style=\"font-size:15px;letter-spacing:1.5px\">Per sol\u00b7licitar assist\u00e8ncia heu d\u2019omplir el seg\u00fcent formulari on us demanem una adre\u00e7a d\u2019email per enviar-vos el link de convocat\u00f2ria de reuni\u00f3 si heu triat una convocat\u00f2ria online i en cas que hagueu triat l&#8217;opci\u00f3 presencial us confirmarem la vostra sol.licitud.<\/p>\n\n\n\n<p id=\"block-ae66f7a8-1609-4ee8-8850-16ef40e1e363\" style=\"font-size:29px\"><strong><a href=\"https:\/\/docs.google.com\/forms\/d\/e\/1FAIpQLSf1QBtJUDpRfihKS-Sv8lPkeBXWinRponle7xBDqIWS7OrBKA\/viewform?usp=publish-editor\"><em>FORMULARI de SOL\u00b7LICITUD d\u2019ASSIST\u00c8NCIA A REUNI\u00d3 INFORMATI<\/em>VA<\/a><\/strong><\/p>\n\n\n\n<p>\ufeff<\/p>\n","protected":false},"excerpt":{"rendered":"<p>REUNIONS INFORMATIVES Ompliu el formulari de sol\u00b7licitud d\u2019assist\u00e8ncia a les reunions informatives Per sol\u00b7licitar assist\u00e8ncia heu d\u2019omplir el seg\u00fcent formulari on us demanem una adre\u00e7a d\u2019email per enviar-vos el link de convocat\u00f2ria de reuni\u00f3 si heu triat una convocat\u00f2ria online i en cas que hagueu triat l&#8217;opci\u00f3 presencial us confirmarem la vostra sol.licitud. FORMULARI de&hellip;<\/p>\n","protected":false},"author":1,"featured_media":0,"parent":0,"menu_order":0,"comment_status":"closed","ping_status":"closed","template":"","meta":{"footnotes":""},"class_list":["post-1733","page","type-page","status-publish","hentry"],"aioseo_notices":[],"_links":{"self":[{"href":"https:\/\/musicactiva.net\/casal\/wp-json\/wp\/v2\/pages\/1733","targetHints":{"allow":["GET"]}}],"collection":[{"href":"https:\/\/musicactiva.net\/casal\/wp-json\/wp\/v2\/pages"}],"about":[{"href":"https:\/\/musicactiva.net\/casal\/wp-json\/wp\/v2\/types\/page"}],"author":[{"embeddable":true,"href":"https:\/\/musicactiva.net\/casal\/wp-json\/wp\/v2\/users\/1"}],"replies":[{"embeddable":true,"href":"https:\/\/musicactiva.net\/casal\/wp-json\/wp\/v2\/comments?post=1733"}],"version-history":[{"count":13,"href":"https:\/\/musicactiva.net\/casal\/wp-json\/wp\/v2\/pages\/1733\/revisions"}],"predecessor-version":[{"id":2509,"href":"https:\/\/musicactiva.net\/casal\/wp-json\/wp\/v2\/pages\/1733\/revisions\/2509"}],"wp:attachment":[{"href":"https:\/\/musicactiva.net\/casal\/wp-json\/wp\/v2\/media?parent=1733"}],"curies":[{"name":"wp","href":"https:\/\/api.w.org\/{rel}","templated":true}]}}