{"id":2079,"date":"2026-03-31T07:58:25","date_gmt":"2026-03-31T07:58:25","guid":{"rendered":"https:\/\/musicactiva.net\/casal\/?page_id=2079"},"modified":"2026-04-13T09:57:17","modified_gmt":"2026-04-13T09:57:17","slug":"1r-i-2n-primaria-matriculacio-abordatge26","status":"publish","type":"page","link":"https:\/\/musicactiva.net\/casal\/1r-i-2n-primaria-matriculacio-abordatge26\/","title":{"rendered":"1r i 2n prim\u00e0ria MATRICULACI\u00d3"},"content":{"rendered":"\n<p><\/p>\n\n\n\n<h1 class=\"wp-block-heading\">1r i 2n prim\u00e0ria MATRICULACI\u00d3<\/h1>\n\n\n<div class=\"wp-block-image\">\n<figure class=\"aligncenter size-large\"><img loading=\"lazy\" decoding=\"async\" width=\"1024\" height=\"731\" src=\"http:\/\/musicactiva.net\/casal\/wp-content\/uploads\/2026\/03\/UNA-SETMANA-CASAL-11-1024x731.png\" alt=\"\" class=\"wp-image-2252\" srcset=\"https:\/\/musicactiva.net\/casal\/wp-content\/uploads\/2026\/03\/UNA-SETMANA-CASAL-11-1024x731.png 1024w, https:\/\/musicactiva.net\/casal\/wp-content\/uploads\/2026\/03\/UNA-SETMANA-CASAL-11-300x214.png 300w, https:\/\/musicactiva.net\/casal\/wp-content\/uploads\/2026\/03\/UNA-SETMANA-CASAL-11-768x548.png 768w, https:\/\/musicactiva.net\/casal\/wp-content\/uploads\/2026\/03\/UNA-SETMANA-CASAL-11-1536x1097.png 1536w, https:\/\/musicactiva.net\/casal\/wp-content\/uploads\/2026\/03\/UNA-SETMANA-CASAL-11.png 2000w\" sizes=\"auto, (max-width: 1024px) 100vw, 1024px\" \/><\/figure>\n<\/div>\n\n\n<h2 class=\"wp-block-heading\" id=\"block-ee4c5fe0-e0df-4c63-8ddf-8d3dd4c0da82\">PROCEDIMENT DE MATRICULACI\u00d3 <\/h2>\n\n\n\n<p><\/p>\n\n\n\n<div class=\"wp-block-columns is-layout-flex wp-container-core-columns-is-layout-9d6595d7 wp-block-columns-is-layout-flex\">\n<div class=\"wp-block-column is-layout-flow wp-block-column-is-layout-flow\">\n<div class=\"wp-block-buttons is-layout-flex wp-block-buttons-is-layout-flex\">\n<div class=\"wp-block-button has-custom-width wp-block-button__width-100\"><a class=\"wp-block-button__link has-vivid-red-background-color has-background has-medium-font-size has-custom-font-size wp-element-button\" href=\"https:\/\/musicactiva.net\/casal\/matriculacio-si-sol-licites-ajut-a-lajuntament-abordatge26\/\">Si demanes BECA a l&#8217;Ajuntament<\/a><\/div>\n<\/div>\n<\/div>\n\n\n\n<div class=\"wp-block-column is-layout-flow wp-block-column-is-layout-flow\">\n<div class=\"wp-block-buttons is-layout-flex wp-block-buttons-is-layout-flex\">\n<div class=\"wp-block-button has-custom-width wp-block-button__width-100\"><a class=\"wp-block-button__link has-vivid-red-background-color has-background has-medium-font-size has-custom-font-size wp-element-button\" href=\"https:\/\/musicactiva.net\/casal\/matriculacio-si-no-demanes-beca-a-lajuntament-abordatge26\/\">Si NO demanes BECA a l&#8217;Ajuntament<\/a><\/div>\n<\/div>\n<\/div>\n<\/div>\n\n\n\n<p><\/p>\n\n\n\n<p>\ufeff<\/p>\n","protected":false},"excerpt":{"rendered":"<p>1r i 2n prim\u00e0ria MATRICULACI\u00d3 PROCEDIMENT DE MATRICULACI\u00d3 \ufeff<\/p>\n","protected":false},"author":1,"featured_media":0,"parent":0,"menu_order":0,"comment_status":"closed","ping_status":"closed","template":"","meta":{"footnotes":""},"class_list":["post-2079","page","type-page","status-publish","hentry"],"aioseo_notices":[],"_links":{"self":[{"href":"https:\/\/musicactiva.net\/casal\/wp-json\/wp\/v2\/pages\/2079","targetHints":{"allow":["GET"]}}],"collection":[{"href":"https:\/\/musicactiva.net\/casal\/wp-json\/wp\/v2\/pages"}],"about":[{"href":"https:\/\/musicactiva.net\/casal\/wp-json\/wp\/v2\/types\/page"}],"author":[{"embeddable":true,"href":"https:\/\/musicactiva.net\/casal\/wp-json\/wp\/v2\/users\/1"}],"replies":[{"embeddable":true,"href":"https:\/\/musicactiva.net\/casal\/wp-json\/wp\/v2\/comments?post=2079"}],"version-history":[{"count":6,"href":"https:\/\/musicactiva.net\/casal\/wp-json\/wp\/v2\/pages\/2079\/revisions"}],"predecessor-version":[{"id":2504,"href":"https:\/\/musicactiva.net\/casal\/wp-json\/wp\/v2\/pages\/2079\/revisions\/2504"}],"wp:attachment":[{"href":"https:\/\/musicactiva.net\/casal\/wp-json\/wp\/v2\/media?parent=2079"}],"curies":[{"name":"wp","href":"https:\/\/api.w.org\/{rel}","templated":true}]}}