{"id":2113,"date":"2026-03-31T07:57:34","date_gmt":"2026-03-31T07:57:34","guid":{"rendered":"https:\/\/musicactiva.net\/casal\/?page_id=2113"},"modified":"2026-04-04T15:54:45","modified_gmt":"2026-04-04T15:54:45","slug":"matriculacio-si-no-demanes-beca-a-lajuntament-abordatge26","status":"publish","type":"page","link":"https:\/\/musicactiva.net\/casal\/matriculacio-si-no-demanes-beca-a-lajuntament-abordatge26\/","title":{"rendered":"MATRICULACI\u00d3 SI NO DEMANES BECA a l&#8217;AJUNTAMENT"},"content":{"rendered":"\n<p><a href=\"https:\/\/musicactiva.net\/casal\/wp-admin\/edit.php?post_type=page\"><\/a><\/p>\n\n\n\n<h1 class=\"wp-block-heading has-large-font-size\" id=\"block-894c043d-1a3e-4df9-a40d-3b613491801d\">PROCEDIMENT DE MATRICULACI\u00d3 SI NO DEMANES AJUT A L\u2019AJUNTAMENT<\/h1>\n\n\n\n<p class=\"has-medium-font-size\" id=\"block-d2fec56e-6473-4094-95df-ffd9fbfd51b6\"><strong>1-OMPLE i ENVIA EL FORMULARI DE MATRICULACI\u00d3<\/strong><\/p>\n\n\n\n<ul class=\"wp-block-list\">\n<li style=\"font-size:15px;letter-spacing:1.5px\">Documentaci\u00f3 necess\u00e0ria per omplir el formulari: carnet de vacunaci\u00f3 de cada un dels teus fills\/es.<\/li>\n\n\n\n<li style=\"font-size:15px;letter-spacing:1.5px\">DATES de MATRICULACI\u00d3: a partir del 13 d&#8217;abril fins a exhauriment de places.<\/li>\n\n\n\n<li style=\"font-size:15px;letter-spacing:1.5px\">Formulari de MATRICULACI\u00d3:<\/li>\n<\/ul>\n\n\n\n<div style=\"height:30px\" aria-hidden=\"true\" class=\"wp-block-spacer\"><\/div>\n\n\n\n<div class=\"wp-block-buttons is-content-justification-center is-layout-flex wp-container-core-buttons-is-layout-16018d1d wp-block-buttons-is-layout-flex\">\n<div class=\"wp-block-button has-custom-width wp-block-button__width-75\"><a class=\"wp-block-button__link has-white-color has-luminous-vivid-orange-background-color has-text-color has-background has-text-align-center has-custom-font-size wp-element-button\" href=\"https:\/\/docs.google.com\/forms\/d\/e\/1FAIpQLSckZi_NyJx_ETH1c9vKik0QN0zGlYjWscSeSy2wVniTjqB2LQ\/viewform?usp=header\" style=\"font-size:30px\"><strong><em>FORMULARI DE MATRICULACI\u00d3 CASAL d&#8217;ESTIU 202<\/em>6<\/strong><\/a><\/div>\n<\/div>\n\n\n\n<div style=\"height:40px\" aria-hidden=\"true\" class=\"wp-block-spacer\"><\/div>\n\n\n\n<p class=\"has-medium-font-size\" id=\"block-4c09c1bc-3c07-44e4-85a9-a5ea9e300d0e\"><strong>2-CALCULA EL TOTAL DE l\u2019IMPORT de les SETMANES CONTRACTADES<\/strong><\/p>\n\n\n\n<ul class=\"wp-block-list\">\n<li style=\"font-size:15px;letter-spacing:1.5px\">Calcula el TOTAL DE L\u2019IMPORT que haur\u00e0s de pagar per cada un dels teus fills\/es sense aplicar el descompte.<\/li>\n<\/ul>\n\n\n\n<p class=\"has-medium-font-size\" id=\"block-909f3837-0f03-4f79-a482-d7b6bb2ddb16\"><strong>3-INGRESSA EL 50% DE L\u2019IMPORT DEL PAGAMENT PER RESERVA DE PLA\u00c7A<\/strong><\/p>\n\n\n\n<ul class=\"wp-block-list\">\n<li style=\"font-size:15px;letter-spacing:1.5px\">Import: 50% de l\u2019import total.<\/li>\n\n\n\n<li style=\"font-size:15px;letter-spacing:1.5px\">Compte:&nbsp;TRIODOS BANK&nbsp;&nbsp;&nbsp;&nbsp;&nbsp;&nbsp;&nbsp;<strong>ES96 1491 0001 2121 4779 3620<\/strong><\/li>\n\n\n\n<li style=\"font-size:15px;letter-spacing:1.5px\">Pagaments independents per a cada infant: fes un pagament independent per a cada infant.<\/li>\n\n\n\n<li style=\"font-size:15px;letter-spacing:1.5px\">Nom i cognom de cada infant: fes&nbsp;constar el NOM i els COGNOMS de cada NEN\/A a cada transfer\u00e8ncia, NO posis el nom de mares-pares.<\/li>\n\n\n\n<li style=\"font-size:15px;letter-spacing:1.5px\">Comprovant del pagament: sol.licita el comprovant del pagament. Ens l\u2019haur\u00e0s de fer&nbsp;arribar per fer la matriculaci\u00f3.<\/li>\n<\/ul>\n\n\n\n<p class=\"has-medium-font-size\"><strong>4-ENVIA EL COMPROVANT DE PAGAMENT:<\/strong><\/p>\n\n\n\n<ul class=\"wp-block-list\">\n<li style=\"font-size:15px;letter-spacing:1.5px\">Envia el comprovant de pagament via mail : casalmusicactiva@musicactiva.net<\/li>\n\n\n\n<li style=\"font-size:15px;letter-spacing:1.5px\">Quan rebem el comprovant et confirmarem que tens la pla\u00e7a reservada per les setmanes que ens has sol.licitat.<\/li>\n\n\n\n<li style=\"font-size:15px;letter-spacing:1.5px\">C\u00c0LCUL dels PAGAMENTS: tamb\u00e9 t&#8217;informarem dels seg\u00fcents imports:\n<ul class=\"wp-block-list\">\n<li>import total <\/li>\n\n\n\n<li>import del 1r pagament <\/li>\n\n\n\n<li>descomptes: descompte 10% a partir del segon fill\/a matriculat<\/li>\n\n\n\n<li>import que heu d&#8217;ingressar en el 2n pagament<\/li>\n<\/ul>\n<\/li>\n<\/ul>\n\n\n\n<p class=\"has-medium-font-size\" id=\"block-fd448ad5-4fae-447d-8240-e389bf4cfcde\"><strong>5-ENVIA LA DOCUMENTACI\u00d3 NECESS\u00c0RIA PER COMPLERTAR  LA MATRICULACI\u00d3<\/strong><\/p>\n\n\n\n<ul class=\"wp-block-list\">\n<li style=\"font-size:15px;letter-spacing:1.5px\">FOTOC\u00d2PIA TARGETA SANIT\u00c0RIA de cada infant o jove matriculat<\/li>\n\n\n\n<li style=\"font-size:15px;letter-spacing:1.5px\">FOTOC\u00d2PIA CARNET de VACUNACI\u00d3 de cada infant o jove matriculat<\/li>\n\n\n\n<li style=\"font-size:15px;letter-spacing:1.5px\">FOTOGRAFIA recent primer pla de la cara de l&#8217;infant o jove<\/li>\n\n\n\n<li class=\"has-luminous-vivid-orange-color has-text-color\" style=\"font-size:15px;letter-spacing:1.5px\">FULL d&#8217;AUTORITZACIONS SIGNAT &#8230;<em><strong><a href=\"https:\/\/www.dropbox.com\/scl\/fi\/qca8lmysdn52rr7u13le3\/AUTORITZACIONS-CASAL-ESTIU-MUSICACTIVA-ESTIU-2026.pdf?rlkey=hgjc22een1fi4noubfexcd3xq&amp;st=4vhhfknf&amp;dl=0\">Descarrega FULL d&#8217;AUTORITZACIONS<\/a><\/strong><\/em><\/li>\n<\/ul>\n\n\n\n<p class=\"has-medium-font-size\" id=\"block-67d8bc35-2a58-4bec-a4f2-eb9d331ca4ab\"><strong>6-INGRESSA l\u2019IMPORT del SEGON PAGAMENT abans del DIVENDRES 5 de JUNY<\/strong><\/p>\n\n\n\n<ul class=\"wp-block-list\">\n<li style=\"font-size:15px;letter-spacing:1.5px\">Ingressa l\u2019import del 2n pagament abans del divendres 5 de juny&nbsp;.<\/li>\n\n\n\n<li style=\"font-size:15px;letter-spacing:1.5px\">Compte:&nbsp;TRIODOS BANK&nbsp;&nbsp;&nbsp;&nbsp;&nbsp;&nbsp;&nbsp;<strong>ES96 1491 0001 2121 4779 3620<\/strong><\/li>\n\n\n\n<li style=\"font-size:15px;letter-spacing:1.5px\">IMPORT del 2n PAGAMENT: difer\u00e8ncia entre l\u2019import del primer pagament i l&#8217;import total. T&#8217;hem informat de l&#8217;import a l&#8217;e-mail CONFIRMACI\u00d3 RESERVA DE PLA\u00c7A<\/li>\n\n\n\n<li style=\"font-size:15px;letter-spacing:1.5px\">Pagaments independents per a cada infant: fes un pagament independent per a cada infant.<\/li>\n\n\n\n<li style=\"font-size:15px;letter-spacing:1.5px\">Nom i cognom de cada infant: fes&nbsp;constar el NOM i els COGNOMS de cada NEN\/A a cada transfer\u00e8ncia, NO posis el nom de mares-pares.<\/li>\n\n\n\n<li style=\"font-size:15px;letter-spacing:1.5px\">Comprovant del pagament: sol.licita el comprovant del 2n pagament i fes-lo arribar a MusicActiva via MAIL ABANS del 5 de juny.<\/li>\n\n\n\n<li style=\"font-size:15px;letter-spacing:1.5px\">Ingressa l\u2019import del 2n pagament abans del divendres 5 de juny&nbsp;.<\/li>\n<\/ul>\n\n\n\n<p class=\"has-medium-font-size\"><strong>7-ENVIA EL COMPROVANT DEL 2n  PAGAMENT<\/strong><\/p>\n\n\n\n<ul class=\"wp-block-list\">\n<li style=\"font-size:15px;letter-spacing:1.5px\">Envia el comprovant de pagament via e-mail : casalmusicactiva@musicactiva.net<\/li>\n\n\n\n<li style=\"font-size:15px;letter-spacing:1.5px\">Quan rebem el comprovant et confirmarem que ja has complertat la MATR\u00cdCULA CASAL MUSICACTIVA 2026 i que pots assistir al casal les setmanes en qu\u00e8 t&#8217;has matriculat.<\/li>\n<\/ul>\n\n\n\n<p class=\"has-medium-font-size\" id=\"block-fdd1cd31-d5bb-4f48-abb7-10a14debc820\"><strong>CONSULTES<\/strong><\/p>\n\n\n\n<p id=\"block-fdd1cd31-d5bb-4f48-abb7-10a14debc820\" style=\"font-size:15px;letter-spacing:1.5px\">Per qualsevol consulta, posa&#8217;t en contacte amb MUSICACTIVA:<\/p>\n\n\n\n<ul class=\"wp-block-list\">\n<li style=\"font-size:15px;letter-spacing:1.5px\">mail: <a href=\"mailto:casalmusicactiva@musicactiva.net\">casalmusicactiva@musicactiva.net<\/a><\/li>\n\n\n\n<li style=\"font-size:15px;letter-spacing:1.5px\">Whatsapp casal MusicActiva 662182321<\/li>\n\n\n\n<li style=\"font-size:15px;letter-spacing:1.5px\">HORARI D\u2019ATENCI\u00d3: de dilluns a divendres de 10:30 a 14:00 i per les tardes de dilluns a dimecres 17:00 a 19:30<\/li>\n<\/ul>\n\n\n\n<p class=\"has-medium-font-size\" id=\"block-40703d93-87a6-41fc-a5a0-46659daa81d1\"><strong>CANCEL\u00b7LACIONS<\/strong><\/p>\n\n\n\n<p id=\"block-95a91d6a-3f3d-42db-a15e-38bb74ed600b\" style=\"font-size:15px;letter-spacing:1.5px\">En el cas que per una causa justificada no pogu\u00e9ssiu realitzar el casal en les setmanes matriculades, tindreu dret al retorn del 50% de l&#8217;import pagat sempre i quan ens aviseu 15 dies abans de comen\u00e7ar el casal en les setmanes que tingueu reservades.<\/p>\n\n\n\n<p class=\"has-medium-font-size\" id=\"block-3a57eb43-4718-4d66-9c16-cba74c32f4f4\"><strong>En cas que no pugueu assistir al casal  per malaltia<\/strong><\/p>\n\n\n\n<p id=\"block-f801a2b9-2b34-496c-b481-b37a01d4d47c\" style=\"font-size:15px;letter-spacing:1.5px\">Si a causa de malaltia ( amb justificant m\u00e8dic) el vostre fill\/filla no pogu\u00e9s realitzar el casal m\u00e9s de 3 dies d&#8217;una setmana, us tornarem el 30% de l&#8217;import corresponent als dies perduts.<\/p>\n\n\n\n<p class=\"has-medium-font-size\" id=\"block-fcdc28dc-92c0-42ee-8eee-b1a343f675c8\"><strong>Confinaments<\/strong><\/p>\n\n\n\n<p id=\"block-182a1d32-0d73-4d46-bc2c-a26e85ad1490\" style=\"font-size:15px;letter-spacing:1.5px\">Com podeu suposar no es preveu que haguem de fer cap mena de confinament. En el cas de confinaments de grups sencers o algun alumne\/a per ser contactes estrets d&#8217;un cas de malaltia C\u00f2vid, Musicactiva NO retornar\u00e0 cap import i les fam\u00edlies hauran de complir estrictament la normativa vigent per a aquests casos.<\/p>\n\n\n\n<p><\/p>\n","protected":false},"excerpt":{"rendered":"<p>PROCEDIMENT DE MATRICULACI\u00d3 SI NO DEMANES AJUT A L\u2019AJUNTAMENT 1-OMPLE i ENVIA EL FORMULARI DE MATRICULACI\u00d3 2-CALCULA EL TOTAL DE l\u2019IMPORT de les SETMANES CONTRACTADES 3-INGRESSA EL 50% DE L\u2019IMPORT DEL PAGAMENT PER RESERVA DE PLA\u00c7A 4-ENVIA EL COMPROVANT DE PAGAMENT: 5-ENVIA LA DOCUMENTACI\u00d3 NECESS\u00c0RIA PER COMPLERTAR LA MATRICULACI\u00d3 6-INGRESSA l\u2019IMPORT del SEGON PAGAMENT abans&hellip;<\/p>\n","protected":false},"author":1,"featured_media":0,"parent":0,"menu_order":0,"comment_status":"closed","ping_status":"closed","template":"","meta":{"footnotes":""},"class_list":["post-2113","page","type-page","status-publish","hentry"],"aioseo_notices":[],"_links":{"self":[{"href":"https:\/\/musicactiva.net\/casal\/wp-json\/wp\/v2\/pages\/2113","targetHints":{"allow":["GET"]}}],"collection":[{"href":"https:\/\/musicactiva.net\/casal\/wp-json\/wp\/v2\/pages"}],"about":[{"href":"https:\/\/musicactiva.net\/casal\/wp-json\/wp\/v2\/types\/page"}],"author":[{"embeddable":true,"href":"https:\/\/musicactiva.net\/casal\/wp-json\/wp\/v2\/users\/1"}],"replies":[{"embeddable":true,"href":"https:\/\/musicactiva.net\/casal\/wp-json\/wp\/v2\/comments?post=2113"}],"version-history":[{"count":9,"href":"https:\/\/musicactiva.net\/casal\/wp-json\/wp\/v2\/pages\/2113\/revisions"}],"predecessor-version":[{"id":2458,"href":"https:\/\/musicactiva.net\/casal\/wp-json\/wp\/v2\/pages\/2113\/revisions\/2458"}],"wp:attachment":[{"href":"https:\/\/musicactiva.net\/casal\/wp-json\/wp\/v2\/media?parent=2113"}],"curies":[{"name":"wp","href":"https:\/\/api.w.org\/{rel}","templated":true}]}}