{"id":2115,"date":"2026-03-31T07:57:44","date_gmt":"2026-03-31T07:57:44","guid":{"rendered":"https:\/\/musicactiva.net\/casal\/?page_id=2115"},"modified":"2026-04-04T15:54:56","modified_gmt":"2026-04-04T15:54:56","slug":"matriculacio-si-sol-licites-ajut-a-lajuntament-abordatge26","status":"publish","type":"page","link":"https:\/\/musicactiva.net\/casal\/matriculacio-si-sol-licites-ajut-a-lajuntament-abordatge26\/","title":{"rendered":"MATRICULACI\u00d3 SI SOL.LICITES AJUT a l&#8217;AJUNTAMENT"},"content":{"rendered":"\n<p class=\"has-small-font-size\"><\/p>\n\n\n\n<h2 class=\"wp-block-heading has-large-font-size\">PROC\u00c9S DE MATRICULACI\u00d3 SI SOL.LICITES AJUT a l&#8217;AJUNTAMENT -del 13 d&#8217;abril al 22 de maig &#8211;<\/h2>\n\n\n\n<p style=\"font-size:15px;letter-spacing:1.5px\"><em>Per matricular-te sol.licitant Ajut a l&#8217;Ajuntament segueix els seg\u00fcents passos:<\/em><\/p>\n\n\n\n<p class=\"has-medium-font-size\"><strong>1-OMPLE i ENVIA EL FORMULARI DE MATRICULACI\u00d3<\/strong><\/p>\n\n\n\n<ul class=\"wp-block-list\">\n<li style=\"font-size:15px;letter-spacing:1.5px\">Documentaci\u00f3 necess\u00e0ria per omplir el formulari: carnet de vacunaci\u00f3 de cada un dels teus fills\/es.<\/li>\n\n\n\n<li style=\"font-size:15px;letter-spacing:1.5px\">DATES de MATRICULACI\u00d3: del 13 d&#8217;abril al 22 de maig.<\/li>\n\n\n\n<li style=\"font-size:15px;letter-spacing:1.5px\">Formulari de MATRICULACI\u00d3:<\/li>\n<\/ul>\n\n\n\n<div style=\"height:33px\" aria-hidden=\"true\" class=\"wp-block-spacer\"><\/div>\n\n\n\n<div class=\"wp-block-buttons is-content-justification-center is-layout-flex wp-container-core-buttons-is-layout-16018d1d wp-block-buttons-is-layout-flex\">\n<div class=\"wp-block-button has-custom-width wp-block-button__width-75 is-style-fill\"><a class=\"wp-block-button__link has-white-color has-luminous-vivid-orange-background-color has-text-color has-background wp-element-button\" href=\"https:\/\/docs.google.com\/forms\/d\/e\/1FAIpQLSckZi_NyJx_ETH1c9vKik0QN0zGlYjWscSeSy2wVniTjqB2LQ\/viewform?usp=header\"><em><strong>FORMULARI DE MATRICULACI\u00d3 CASAL d&#8217;ESTIU 202<\/strong><\/em><strong>6<\/strong><\/a><\/div>\n<\/div>\n\n\n\n<div style=\"height:27px\" aria-hidden=\"true\" class=\"wp-block-spacer\"><\/div>\n\n\n\n<p style=\"font-size:15px;letter-spacing:1.5px\">Respon les preguntes del FORMULARI de MATRICULACI\u00d3 amb tota la informaci\u00f3 que et demanem. \u00c9s molt important que ens indiquis al formulari que vols fer la sol.licitud d&#8217;ajut a l&#8217;Ajuntament i en el cas que vulguis sol.licitar m\u00e9s de dues setmanes ens indiquis quines s\u00f3n les setmanes per les quals demanes beca.<\/p>\n\n\n\n<p class=\"has-medium-font-size\"><strong>2-T&#8217;ENVIEM EL CODI D&#8217;ACTIVITAT<\/strong><\/p>\n\n\n\n<p class=\"has-black-color has-text-color\" style=\"font-size:15px;letter-spacing:1.5px\">Un cop rebem la teva resposta al FORMULARI de MATRICULACI\u00d3 t&#8217;enviem per mail el CODI d&#8217;ACTIVITAT que \u00e9s imprescindible per fer el tr\u00e0mit de sol.licitud de d&#8217;ajut a l&#8217;Ajuntament.<\/p>\n\n\n\n<p class=\"has-medium-font-size\"><strong>3-PAGAMENT DE RESERVA DE PLA\u00c7A<\/strong><\/p>\n\n\n\n<ul class=\"wp-block-list\">\n<li style=\"font-size:15px;letter-spacing:1.5px\">Calcula l&#8217;import que has d&#8217;ingressar per reservar la pla\u00e7a de les setmanes de les quals vols sol.licitar l&#8217;ajut a l&#8217;Ajuntament, segons el percentatge d&#8217;Ajut atorgat.<\/li>\n<\/ul>\n\n\n\n<figure class=\"wp-block-table\"><table class=\"has-fixed-layout\"><tbody><tr><td><strong>PERCENTATGE d&#8217;AJUT ATORGAT<\/strong><\/td><td><strong>Import que heu d&#8217;ingressar per reservar la pla\u00e7a<\/strong><\/td><\/tr><tr><td>Infant que t\u00e9 atorgat fins a un 90% d&#8217;ajut<\/td><td>Heu d&#8217;ingressar el 10% per reservar la pla\u00e7a.<\/td><\/tr><tr><td>Infant que t\u00e9 atorgat fins a un 60% d&#8217;ajut<\/td><td>Heu d&#8217;ingressar el 20% per reservar la pla\u00e7a<\/td><\/tr><tr><td>Infant que t\u00e9 atorgat fins a un 30% d&#8217;ajut<\/td><td>Heu d&#8217;ingressar el 30% per reservar la pla\u00e7a<\/td><\/tr><tr><td>Infant que encara est\u00e0 pendent de resoluci\u00f3.<\/td><td>Heu d&#8217;ingressar el 30% per reservar la pla\u00e7a<\/td><\/tr><\/tbody><\/table><\/figure>\n\n\n\n<ul class=\"wp-block-list\">\n<li class=\"has-medium-font-size\"><strong>INGRESSA L\u2019IMPORT EN CONCEPTE DE RESERVA <\/strong>\n<ul class=\"wp-block-list\">\n<li style=\"font-size:15px;letter-spacing:1.5px\"><strong>Compte:<\/strong>&nbsp;TRIODOS BANK&nbsp;&nbsp;&nbsp;&nbsp;&nbsp;&nbsp;&nbsp;ES96 1491 0001 2121 4779 3620<\/li>\n\n\n\n<li style=\"font-size:15px;letter-spacing:1.5px\"><strong>-Pagaments independents per a cada infant:<\/strong> fes un pagament independent per a cada infant.<\/li>\n\n\n\n<li style=\"font-size:15px;letter-spacing:1.5px\"><strong>-Nom i cognom de cada infant: <\/strong>fes&nbsp;constar el NOM i els COGNOMS de cada NEN\/A a cada transfer\u00e8ncia, NO posis el nom de mares-pares.<\/li>\n\n\n\n<li style=\"font-size:15px;letter-spacing:1.5px\"><strong>-Comprovant del pagament:<\/strong> Sol.licita el comprovant del pagament. Ens l\u2019haur\u00e0s de fer\u00a0arribar per formalitzar la reserva.<\/li>\n<\/ul>\n<\/li>\n\n\n\n<li class=\"has-medium-font-size\"><strong>ENVIA EL COMPROVANT DE PAGAMENT:<\/strong>\n<ul class=\"wp-block-list\">\n<li style=\"font-size:15px;letter-spacing:1.5px\">Envia el comprovant de pagament via mail : casalmusicactiva@musicactiva.net<\/li>\n\n\n\n<li style=\"font-size:15px;letter-spacing:1.5px\">Quan rebem el comprobant et confirmarem que ja has reservat la pla\u00e7a per les setmanes que sol.licites ajut.<\/li>\n<\/ul>\n<\/li>\n<\/ul>\n\n\n\n<p class=\"has-medium-font-size\"><strong>4-ENVIA LA DOCUMENTACI\u00d3 NECESSARIA PER COMPLERTAR LA MATRICULACI\u00d3:<\/strong><\/p>\n\n\n\n<ul class=\"wp-block-list\">\n<li style=\"font-size:15px;letter-spacing:1.5px\">-FOTOGRAFIA RECENT on es vegi b\u00e9 la cara de l&#8217;infant o jove matriculat<\/li>\n\n\n\n<li style=\"font-size:15px;letter-spacing:1.5px\">-FOTOC\u00d2PIA DE LA TARJETA SANIT\u00c0RIA<\/li>\n\n\n\n<li style=\"font-size:15px;letter-spacing:1.5px\">-FOTOC\u00d2PIA DEL CARNET DE VACUNES<\/li>\n\n\n\n<li class=\"has-luminous-vivid-orange-color has-text-color has-link-color wp-elements-fca182a6ac7666e90a4ec8d5a0a00675\" style=\"font-size:15px;letter-spacing:1.5px\">FULL d&#8217;AUTORITZACIONS SIGNAT &#8230;<em><strong><a href=\"https:\/\/www.dropbox.com\/scl\/fi\/qca8lmysdn52rr7u13le3\/AUTORITZACIONS-CASAL-ESTIU-MUSICACTIVA-ESTIU-2026.pdf?rlkey=hgjc22een1fi4noubfexcd3xq&amp;st=5gys7wqc&amp;dl=0\">Descarrega FULL d&#8217;AUTORITZACIONS<\/a><\/strong><\/em><\/li>\n<\/ul>\n\n\n\n<p class=\"has-medium-font-size\"><strong>5-SOL.LICITA l&#8217;AJUT a l&#8217; AJUNTAMENT A TRAV\u00c9S DEL PORTAL DE TR\u00c0MITS de L&#8217;AJUNTAMENT DE BARCELONA<\/strong>. a partir del 4 de maig i fins el 22 de maig<\/p>\n\n\n\n<ul class=\"wp-block-list\">\n<li style=\"font-size:15px;letter-spacing:1.5px\"><strong>FES EL TR\u00c0MIT DE SOL.LICITUD d&#8217;AJUT<\/strong> <strong>A TRAV\u00c9S del PORTAL DE TR\u00c0MITS de l&#8217;AJUNTAMENT de BARCELONA:<\/strong> Entra al Portal de Tr\u00e0mits de l&#8217;Ajuntament de Barcelona i accedeix al tr\u00e0mit de sol.licitut d&#8217;Ajut per a la Campanya de Vacances d&#8217;estiu 26, identifica&#8217;t IDCAT Mobil o superior, tingues a m\u00e0 el CODI d&#8217;ACTIVITAT que t&#8217;hem enviat i el CODI INFANT que t&#8217;han enviat en el moment de l&#8217;assignaci\u00f3 del nivell d&#8217;ajut. <\/li>\n\n\n\n<li style=\"font-size:15px;letter-spacing:1.5px\">En aquest tr\u00e0mit despr\u00e9s d&#8217;identificar-te, nom\u00e9s has d&#8217;indicar el CODI d&#8217;INFANT, el CODI d&#8217;ACTIVITAT i les setmanes i torns en qu\u00e8 vols que el teu fill\/a assisteixi al casal.<\/li>\n\n\n\n<li style=\"font-size:15px;letter-spacing:1.5px\">INFORMACI\u00d3 i TR\u00c0MIT a l&#8217;Oficina Virtual de Tr\u00e0mits de l&#8217;Ajuntament de Barcelona<\/li>\n<\/ul>\n\n\n\n<p class=\"has-medium-font-size\"><strong>6-INGRESSA l\u2019IMPORT del SEGON PAGAMENT abans del DIVENDRES 5 de JUNY<\/strong><\/p>\n\n\n\n<ul class=\"wp-block-list\">\n<li style=\"font-size:15px;letter-spacing:1.5px\">Ingressa l\u2019import del 2n pagament abans del divendres 5 de juny&nbsp;.<\/li>\n\n\n\n<li style=\"font-size:15px;letter-spacing:1.5px\">Compte:&nbsp;TRIODOS BANK&nbsp;&nbsp;&nbsp;&nbsp;&nbsp;&nbsp;&nbsp;<strong>ES96 1491 0001 2121 4779 3620<\/strong><\/li>\n\n\n\n<li style=\"font-size:15px;letter-spacing:1.5px\">IMPORT del 2n PAGAMENT: difer\u00e8ncia entre l\u2019import del primer pagament + l&#8217;import d&#8217;Ajut i l&#8217;import total. T&#8217;hem informat de l&#8217;import a l&#8217;e-mail CONFIRMACI\u00d3 RESERVA DE PLA\u00c7A<\/li>\n\n\n\n<li style=\"font-size:15px;letter-spacing:1.5px\">Pagaments independents per a cada infant: fes un pagament independent per a cada infant.<\/li>\n\n\n\n<li style=\"font-size:15px;letter-spacing:1.5px\">Nom i cognom de cada infant: fes&nbsp;constar el NOM i els COGNOMS de cada NEN\/A a cada transfer\u00e8ncia, NO posis el nom de mares-pares.<\/li>\n\n\n\n<li style=\"font-size:15px;letter-spacing:1.5px\">Comprovant del pagament: sol.licita el comprovant del 2n pagament i fes-lo arribar a MusicActiva via MAIL ABANS del 5 de juny.<\/li>\n\n\n\n<li style=\"font-size:15px;letter-spacing:1.5px\">Envia el comprobant de pagament via mail : casalmusicactiva@musicactiva.net<\/li>\n\n\n\n<li style=\"font-size:15px;letter-spacing:1.5px\">Quan rebem el comprobant et confirmarem que ja has completat la MATR\u00cdCULA CASAL MUSICACTIVA 2026 i que pots assistir al casal les setmanes en qu\u00e8 t&#8217;has matriculat.<\/li>\n<\/ul>\n\n\n\n<p class=\"has-medium-font-size\">7-<strong>SIGNA l&#8217;ACCEPTACI\u00d3 de l&#8217;AJUT i CONFIRMA l&#8217;ASSIST\u00c8NCIA AL CASAL<\/strong><\/p>\n\n\n\n<ul class=\"wp-block-list\">\n<li style=\"font-size:15px;letter-spacing:1.5px\">El 2n dia de la primera setmana que en qu\u00e8 el teu fill\/a assisteixi al casal rebr\u00e0s un SMS de l&#8217;AJUNTAMENT amb un enlla\u00e7 a un petit formulari per confirmar l&#8217;acceptaci\u00f3 de la beca i l&#8217;assist\u00e8ncia al casal.<\/li>\n\n\n\n<li style=\"font-size:15px;letter-spacing:1.5px\">Resp\u00f2n formulari Ajuntament per confirmar l&#8217;acceptaci\u00f3 de la beca i l&#8217;assist\u00e8ncia al casal. Aquest darrer pas \u00e9s imprescindible per qu\u00e8 l&#8217;Ajuntament faci l&#8217;ingr\u00e9s de l&#8217;import de la beca atorgada. Si tens qualsevol dubte per complertar aquest pas, posa&#8217;t en contacte immediatament amb Musicactiva per poder-ho resoldre.<\/li>\n<\/ul>\n\n\n\n<p class=\"has-medium-font-size\"><strong>SI VOLS MATRIULAR-TE M\u00c9S DE DUES SETMANES <\/strong><\/p>\n\n\n\n<p style=\"font-size:15px;letter-spacing:1.5px\">L&#8217;Ajuntament nom\u00e9s ofereix beca per a dues setmanes a les fam\u00edlies que complexin els requisits. Si vols reservar 3 o m\u00e9s setmanes has de fer el pagament del 50% de l&#8217;import corresponent a les setmanes 3a, 4a, 5a i\/o 6a de les quals no rebr\u00e0s ajut de l&#8217;Ajuntament.<\/p>\n\n\n\n<ul class=\"wp-block-list\">\n<li class=\"has-medium-font-size\"><strong>INGRESSA EL 50% DE L\u2019IMPORT EN CONCEPTE DE RESERVA <\/strong>\n<ul class=\"wp-block-list\">\n<li style=\"font-size:15px;letter-spacing:1.5px\">Import: 50% de l\u2019import total<\/li>\n\n\n\n<li style=\"font-size:15px;letter-spacing:1.5px\">Compte:&nbsp;TRIODOS BANK&nbsp;&nbsp;&nbsp;&nbsp;&nbsp;&nbsp;&nbsp;ES96 1491 0001 2121 4779 3620<\/li>\n\n\n\n<li style=\"font-size:15px;letter-spacing:1.5px\">Pagaments independents per a cada infant: fes un pagament independent per a cada infant.<\/li>\n\n\n\n<li style=\"font-size:15px;letter-spacing:1.5px\">Nom i cognom de cada infant: fes&nbsp;constar el NOM i els COGNOMS de cada NEN\/A a cada transfer\u00e8ncia, NO posis el nom de mares-pares.<\/li>\n\n\n\n<li style=\"font-size:15px;letter-spacing:1.5px\">Comprovant del pagament: Sol.licita el comprovant del pagament. Ens l\u2019haur\u00e0s de fer&nbsp;arribar per fer la matriculaci\u00f3.<\/li>\n<\/ul>\n<\/li>\n\n\n\n<li class=\"has-medium-font-size\"><strong>ENVIA EL COMPROVANT DE PAGAMENT:<\/strong>\n<ul class=\"wp-block-list\">\n<li style=\"font-size:15px;letter-spacing:1.5px\">Envia el comprovant de pagament via mail : casalmusicactiva@musicactiva.net<\/li>\n\n\n\n<li style=\"font-size:15px;letter-spacing:1.5px\">Quan rebem el comprobant et confirmarem amb el mail CONFIRMACI\u00d3 RESERVA DE PLA\u00c7A que tens la pla\u00e7a reservada per les setmanes que ens has sol.licitat.<\/li>\n\n\n\n<li style=\"font-size:15px;letter-spacing:1.5px\">C\u00c0LCUL dels PAGAMENTS: Tamb\u00e9 t&#8217;informarem dels seg\u00fcents imports:\n<ul class=\"wp-block-list\">\n<li>import total <\/li>\n\n\n\n<li>import del 1r pagament <\/li>\n\n\n\n<li>descomptes: descompte 10% a partir del segon fill\/a matriculat<\/li>\n\n\n\n<li>import que heu d&#8217;ingressar en el 2n pagament<\/li>\n<\/ul>\n<\/li>\n<\/ul>\n<\/li>\n\n\n\n<li class=\"has-medium-font-size\"><strong>INGRESSA l\u2019IMPORT del SEGON PAGAMENT abans del DIVENDRES 5 de JUNY<\/strong>\n\n\n\n\n<ul style=\"font-size:15px;letter-spacing:1.5px\" class=\"wp-block-list\">\n<li>Ingressa l\u2019import del 2n pagament abans del divendres 5 de juny&nbsp;.<\/li>\n\n\n\n<li>Compte:&nbsp;TRIODOS BANK&nbsp;&nbsp;&nbsp;&nbsp;&nbsp;&nbsp;&nbsp;ES96 1491 0001 2121 4779 3620<\/li>\n\n\n\n<li>IMPORT del 2n PAGAMENT: Difer\u00e8ncia entre l\u2019import del primer pagament i l&#8217;import total. T&#8217;hem informat de l&#8217;import al mail CONFIRMACI\u00d3 RESERVA DE PLA\u00c7A<\/li>\n\n\n\n<li>Pagaments independents per a cada infant: fes un pagament independent per a cada infant. Nom i cognom de cada infant: fes&nbsp;constar el NOM i els COGNOMS de cada NEN\/A a cada transfer\u00e8ncia, NO posis el nom de mares-pares.<\/li>\n<\/ul>\n\n\n\n<ul style=\"font-size:15px;letter-spacing:1.5px\" class=\"wp-block-list\">\n<li>Comprovant del pagament: Sol.licita el comprovant del 2n pagament i fes-lo arribar a MusicActiva via MAIL ABANS del 5 de juny.<\/li>\n<\/ul>\n<\/li>\n\n\n\n<li class=\"has-medium-font-size\"><strong>ENVIA EL COMPROVANT DEL 2n  PAGAMENT:<\/strong><\/li>\n\n\n\n<li style=\"font-size:15px;letter-spacing:1.5px\">Envia el comprovant de pagament via mail : casalmusicactiva@musicactiva.net<\/li>\n\n\n\n<li style=\"font-size:15px;letter-spacing:1.5px\">Quan rebem el comprobant et confirmarem que ja has completat la MATR\u00cdCULA CASAL MUSICACTIVA 2026 i que pots assistir al casal les setmanes en qu\u00e8 t&#8217;has matriculat.<\/li>\n<\/ul>\n\n\n\n<p class=\"has-medium-font-size\"><strong>CONSULTES: <\/strong><\/p>\n\n\n\n<p style=\"font-size:15px;letter-spacing:1.5px\">Per qualsevol consulta, posa&#8217;t en contacte amb MUSICACTIVA:<\/p>\n\n\n\n<ul class=\"wp-block-list\">\n<li style=\"font-size:15px;letter-spacing:1.5px\">mail: <a href=\"mailto:casalmusicactiva@musicactiva.net\">casalmusicactiva@musicactiva.net<\/a><\/li>\n\n\n\n<li style=\"font-size:15px;letter-spacing:1.5px\">Whatsapp casal MusicActiva 662182321<\/li>\n\n\n\n<li style=\"font-size:15px;letter-spacing:1.5px\">HORARI D\u2019ATENCI\u00d3: de dilluns a divendres de 10:30 a 15:00 i per la tarda de dilluns a dimecres 17:00 a 19:30<\/li>\n<\/ul>\n\n\n\n<p class=\"has-medium-font-size\"><strong>CANCEL\u00b7LACIONS<\/strong><\/p>\n\n\n\n<p id=\"block-95a91d6a-3f3d-42db-a15e-38bb74ed600b\" style=\"font-size:15px;letter-spacing:1.5px\">En el cas que per una causa justificada no pogu\u00e9ssiu realitzar el casal en les setmanes matriculades, tindreu dret al retorn del 50% de l&#8217;import pagat sempre i quan ens aviseu 15 dies abans de comen\u00e7ar el casal en les setmanes que tingueu reservades.<\/p>\n\n\n\n<p class=\"has-medium-font-size\" id=\"block-3a57eb43-4718-4d66-9c16-cba74c32f4f4\"><strong>En cas que no pugueu assistir al casal  per malaltia<\/strong><\/p>\n\n\n\n<p id=\"block-f801a2b9-2b34-496c-b481-b37a01d4d47c\" style=\"font-size:15px;letter-spacing:1.5px\">Si a causa de malaltia ( amb justificant m\u00e8dic) el vostre fill\/filla no pogu\u00e9s realitzar el casal m\u00e9s de 3 dies d&#8217;una setmana, us tornarem el 30% de l&#8217;import corresponent als dies perduts.<\/p>\n\n\n\n<p class=\"has-medium-font-size\" id=\"block-fcdc28dc-92c0-42ee-8eee-b1a343f675c8\"><strong>CONFINAMENTS<\/strong><\/p>\n\n\n\n<p id=\"block-182a1d32-0d73-4d46-bc2c-a26e85ad1490\" style=\"font-size:15px;letter-spacing:1.5px\">Com podeu suposar no es preveu que haguem de fer cap mena de confinament. En el cas de confinaments de grups sencers o algun alumne\/a per ser contactes estrets d&#8217;un cas de malaltia C\u00f2vid, Musicactiva NO retornar\u00e0 cap import i les fam\u00edlies hauran de complir estr\u00edctament la normativa vigent per a aquests casos.<\/p>\n","protected":false},"excerpt":{"rendered":"<p>PROC\u00c9S DE MATRICULACI\u00d3 SI SOL.LICITES AJUT a l&#8217;AJUNTAMENT -del 13 d&#8217;abril al 22 de maig &#8211; Per matricular-te sol.licitant Ajut a l&#8217;Ajuntament segueix els seg\u00fcents passos: 1-OMPLE i ENVIA EL FORMULARI DE MATRICULACI\u00d3 Respon les preguntes del FORMULARI de MATRICULACI\u00d3 amb tota la informaci\u00f3 que et demanem. \u00c9s molt important que ens indiquis al formulari&hellip;<\/p>\n","protected":false},"author":1,"featured_media":0,"parent":0,"menu_order":0,"comment_status":"closed","ping_status":"closed","template":"","meta":{"footnotes":""},"class_list":["post-2115","page","type-page","status-publish","hentry"],"aioseo_notices":[],"_links":{"self":[{"href":"https:\/\/musicactiva.net\/casal\/wp-json\/wp\/v2\/pages\/2115","targetHints":{"allow":["GET"]}}],"collection":[{"href":"https:\/\/musicactiva.net\/casal\/wp-json\/wp\/v2\/pages"}],"about":[{"href":"https:\/\/musicactiva.net\/casal\/wp-json\/wp\/v2\/types\/page"}],"author":[{"embeddable":true,"href":"https:\/\/musicactiva.net\/casal\/wp-json\/wp\/v2\/users\/1"}],"replies":[{"embeddable":true,"href":"https:\/\/musicactiva.net\/casal\/wp-json\/wp\/v2\/comments?post=2115"}],"version-history":[{"count":23,"href":"https:\/\/musicactiva.net\/casal\/wp-json\/wp\/v2\/pages\/2115\/revisions"}],"predecessor-version":[{"id":2459,"href":"https:\/\/musicactiva.net\/casal\/wp-json\/wp\/v2\/pages\/2115\/revisions\/2459"}],"wp:attachment":[{"href":"https:\/\/musicactiva.net\/casal\/wp-json\/wp\/v2\/media?parent=2115"}],"curies":[{"name":"wp","href":"https:\/\/api.w.org\/{rel}","templated":true}]}}